{"id":120,"date":"2025-03-14T09:08:14","date_gmt":"2025-03-14T09:08:14","guid":{"rendered":"https:\/\/kosmetyczkaniepolomice.pl\/?page_id=120"},"modified":"2025-03-18T18:54:09","modified_gmt":"2025-03-18T18:54:09","slug":"profesjonalny-salon-kosmetyczny-niepolomice","status":"publish","type":"page","link":"https:\/\/kosmetyczkaniepolomice.pl\/?page_id=120","title":{"rendered":"Profesjonalny salon kosmetyczny Niepo\u0142omice"},"content":{"rendered":"\n<h2 class=\"wp-block-heading\" style=\"margin-top:var(--wp--preset--spacing--30);margin-bottom:var(--wp--preset--spacing--30)\">Certyfikowana kosmetyczka<\/h2>\n\n\n\n<p style=\"margin-top:var(--wp--preset--spacing--30);margin-bottom:var(--wp--preset--spacing--30)\">Z zawodu jestem dyplomowan\u0105 kosmetyczk\u0105 oraz licencjonowanym kosmetologiem. W \u015bwiadczeniu us\u0142ug kosmetycznych na najwy\u017cszym poziomie korzystam z wiedzy i praktyk odbytych podczas studi\u00f3w Beauty Therapy w Langside College w Glasgow w Szkocji. Posiadam certyfikaty HNC (Higher National Certificate) oraz HND (Higher Nationale Diploma) uprawniajace do wykonywania zabieg\u00f3w kosmetycznych.<\/p>\n\n\n\n<figure class=\"wp-block-gallery has-nested-images columns-default is-cropped wp-block-gallery-1 is-layout-flex wp-block-gallery-is-layout-flex\">\n<figure class=\"wp-block-image size-large\"><img loading=\"lazy\" decoding=\"async\" width=\"1000\" height=\"711\" data-id=\"122\" src=\"https:\/\/kosmetyczkaniepolomice.pl\/wp-content\/uploads\/2025\/03\/crt1.jpg\" alt=\"\" class=\"wp-image-122\"\/><figcaption class=\"wp-element-caption\">Certyfikat Lava Shell Relax Massage Jolanta Garycka<\/figcaption><\/figure>\n\n\n\n<figure class=\"wp-block-image size-large\"><img loading=\"lazy\" decoding=\"async\" width=\"1000\" height=\"715\" data-id=\"123\" src=\"https:\/\/kosmetyczkaniepolomice.pl\/wp-content\/uploads\/2025\/03\/crt2.jpg\" alt=\"\" class=\"wp-image-123\"\/><figcaption class=\"wp-element-caption\">Certyfikat Fake Bake Professional Spray Tan Expert Jolanta Garycka<\/figcaption><\/figure>\n\n\n\n<figure class=\"wp-block-image size-large\"><img loading=\"lazy\" decoding=\"async\" width=\"1000\" height=\"717\" data-id=\"124\" src=\"https:\/\/kosmetyczkaniepolomice.pl\/wp-content\/uploads\/2025\/03\/crt3.jpg\" alt=\"\" class=\"wp-image-124\"\/><figcaption class=\"wp-element-caption\">Certyfikat Facial Glycolic professional training Jolanta Garycka<\/figcaption><\/figure>\n\n\n\n<figure class=\"wp-block-image size-large\"><img loading=\"lazy\" decoding=\"async\" width=\"712\" height=\"1000\" data-id=\"125\" src=\"https:\/\/kosmetyczkaniepolomice.pl\/wp-content\/uploads\/2025\/03\/crt4.jpg\" alt=\"\" class=\"wp-image-125\"\/><figcaption class=\"wp-element-caption\">Certyfikat Beauty Therapy Jolanta Garycka 2012<\/figcaption><\/figure>\n\n\n\n<figure class=\"wp-block-image size-large\"><img loading=\"lazy\" decoding=\"async\" width=\"695\" height=\"1000\" data-id=\"126\" src=\"https:\/\/kosmetyczkaniepolomice.pl\/wp-content\/uploads\/2025\/03\/crt5.jpg\" alt=\"\" class=\"wp-image-126\"\/><figcaption class=\"wp-element-caption\">Certyfikat Beauty Therapy Jolanta Garycka 2011<\/figcaption><\/figure>\n\n\n\n<figure class=\"wp-block-image size-large\"><img loading=\"lazy\" decoding=\"async\" width=\"705\" height=\"1000\" data-id=\"127\" src=\"https:\/\/kosmetyczkaniepolomice.pl\/wp-content\/uploads\/2025\/03\/crt6.jpg\" alt=\"\" class=\"wp-image-127\"\/><figcaption class=\"wp-element-caption\">Certyfikat Minx Jolanta Garycka<\/figcaption><\/figure>\n\n\n\n<figure class=\"wp-block-image size-large\" style=\"margin-top:var(--wp--preset--spacing--40);margin-bottom:var(--wp--preset--spacing--40)\"><img loading=\"lazy\" decoding=\"async\" width=\"1000\" height=\"702\" data-id=\"128\" src=\"https:\/\/kosmetyczkaniepolomice.pl\/wp-content\/uploads\/2025\/03\/crt7.jpg\" alt=\"\" class=\"wp-image-128\"\/><figcaption class=\"wp-element-caption\">Certyfikat Thalgo Jolanta Garycka<\/figcaption><\/figure>\n<\/figure>\n\n\n\n<h3 class=\"wp-block-heading\" style=\"margin-top:var(--wp--preset--spacing--30);margin-bottom:var(--wp--preset--spacing--30)\">Sterylizacja narz\u0119dzi<\/h3>\n\n\n\n<p>Przed ka\u017cdym zabiegiem, wszystkie narz\u0119dzia kt\u00f3rymi si\u0119 pos\u0142uguj\u0119; c\u0105\u017cki do manicure, g\u0142owice do mikrodermabrazji, p\u0119sety, itp., s\u0105 wyczyszczone, zdezynfekowane i wysterylizowane. Robi\u0119 to za pomoc\u0105 urz\u0105dzenia autoklaw kt\u00f3re, trywialnie m\u00f3wi\u0105c, s\u0142u\u017cy jako zmywarka do narz\u0119dzi.<\/p>\n\n\n\n<figure class=\"wp-block-image aligncenter size-full\" style=\"margin-top:var(--wp--preset--spacing--30);margin-bottom:var(--wp--preset--spacing--30)\"><img loading=\"lazy\" decoding=\"async\" width=\"528\" height=\"960\" src=\"http:\/\/kosmetyczkaniepolomice.pl\/wp-content\/uploads\/2025\/03\/autoklaw2.jpg\" alt=\"\" class=\"wp-image-131\"\/><\/figure>\n","protected":false},"excerpt":{"rendered":"<p>Certyfikowana kosmetyczka Z zawodu jestem dyplomowan\u0105 kosmetyczk\u0105 oraz licencjonowanym kosmetologiem. W \u015bwiadczeniu us\u0142ug kosmetycznych na najwy\u017cszym poziomie korzystam z wiedzy i praktyk odbytych podczas studi\u00f3w Beauty Therapy w Langside College w Glasgow w Szkocji. Posiadam certyfikaty HNC (Higher National Certificate) oraz HND (Higher Nationale Diploma) uprawniajace do wykonywania zabieg\u00f3w kosmetycznych. Sterylizacja narz\u0119dzi Przed ka\u017cdym zabiegiem, [&hellip;]<\/p>\n","protected":false},"author":1,"featured_media":0,"parent":0,"menu_order":0,"comment_status":"closed","ping_status":"closed","template":"","meta":{"footnotes":""},"class_list":["post-120","page","type-page","status-publish","hentry"],"yoast_head":"<!-- This site is optimized with the Yoast SEO plugin v24.7 - https:\/\/yoast.com\/wordpress\/plugins\/seo\/ -->\n<title>Profesjonalny salon kosmetyczny Niepo\u0142omice Lejdis - Certyfikaty<\/title>\n<meta name=\"description\" content=\"Dyplomowana kosmetyczka z 10-letnim do\u015bwiadczeniem. Oferuj\u0119 profesjonalne zabiegi w Niepo\u0142omicach, dbaj\u0105c o najwy\u017csze standardy\" \/>\n<meta name=\"robots\" content=\"index, follow, max-snippet:-1, max-image-preview:large, max-video-preview:-1\" \/>\n<link rel=\"canonical\" href=\"https:\/\/kosmetyczkaniepolomice.pl\/?page_id=120\" \/>\n<meta property=\"og:locale\" content=\"pl_PL\" \/>\n<meta property=\"og:type\" content=\"article\" \/>\n<meta property=\"og:title\" content=\"Profesjonalny salon kosmetyczny Niepo\u0142omice Lejdis - Certyfikaty\" \/>\n<meta property=\"og:description\" content=\"Dyplomowana kosmetyczka z 10-letnim do\u015bwiadczeniem. Oferuj\u0119 profesjonalne zabiegi w Niepo\u0142omicach, dbaj\u0105c o najwy\u017csze standardy\" \/>\n<meta property=\"og:url\" content=\"https:\/\/kosmetyczkaniepolomice.pl\/?page_id=120\" \/>\n<meta property=\"og:site_name\" content=\"Studio Urody Lejdis\" \/>\n<meta property=\"article:publisher\" content=\"https:\/\/www.facebook.com\/profile.php?id=100054223430922\" \/>\n<meta property=\"article:modified_time\" content=\"2025-03-18T18:54:09+00:00\" \/>\n<meta property=\"og:image\" content=\"https:\/\/kosmetyczkaniepolomice.pl\/wp-content\/uploads\/2025\/03\/crt1.jpg\" \/>\n<meta name=\"twitter:card\" content=\"summary_large_image\" \/>\n<meta name=\"twitter:label1\" content=\"Est. reading time\" \/>\n\t<meta name=\"twitter:data1\" content=\"3 minuty\" \/>\n<script type=\"application\/ld+json\" class=\"yoast-schema-graph\">{\"@context\":\"https:\/\/schema.org\",\"@graph\":[{\"@type\":\"WebPage\",\"@id\":\"https:\/\/kosmetyczkaniepolomice.pl\/?page_id=120\",\"url\":\"https:\/\/kosmetyczkaniepolomice.pl\/?page_id=120\",\"name\":\"Profesjonalny salon kosmetyczny Niepo\u0142omice Lejdis - Certyfikaty\",\"isPartOf\":{\"@id\":\"https:\/\/kosmetyczkaniepolomice.pl\/#website\"},\"primaryImageOfPage\":{\"@id\":\"https:\/\/kosmetyczkaniepolomice.pl\/?page_id=120#primaryimage\"},\"image\":{\"@id\":\"https:\/\/kosmetyczkaniepolomice.pl\/?page_id=120#primaryimage\"},\"thumbnailUrl\":\"https:\/\/kosmetyczkaniepolomice.pl\/wp-content\/uploads\/2025\/03\/crt1.jpg\",\"datePublished\":\"2025-03-14T09:08:14+00:00\",\"dateModified\":\"2025-03-18T18:54:09+00:00\",\"description\":\"Dyplomowana kosmetyczka z 10-letnim do\u015bwiadczeniem. Oferuj\u0119 profesjonalne zabiegi w Niepo\u0142omicach, dbaj\u0105c o najwy\u017csze standardy\",\"breadcrumb\":{\"@id\":\"https:\/\/kosmetyczkaniepolomice.pl\/?page_id=120#breadcrumb\"},\"inLanguage\":\"pl-PL\",\"potentialAction\":[{\"@type\":\"ReadAction\",\"target\":[\"https:\/\/kosmetyczkaniepolomice.pl\/?page_id=120\"]}]},{\"@type\":\"ImageObject\",\"inLanguage\":\"pl-PL\",\"@id\":\"https:\/\/kosmetyczkaniepolomice.pl\/?page_id=120#primaryimage\",\"url\":\"https:\/\/kosmetyczkaniepolomice.pl\/wp-content\/uploads\/2025\/03\/crt1.jpg\",\"contentUrl\":\"https:\/\/kosmetyczkaniepolomice.pl\/wp-content\/uploads\/2025\/03\/crt1.jpg\",\"width\":1000,\"height\":711,\"caption\":\"Certyfikat Lava Shell Relax Massage Jolanta Garycka\"},{\"@type\":\"BreadcrumbList\",\"@id\":\"https:\/\/kosmetyczkaniepolomice.pl\/?page_id=120#breadcrumb\",\"itemListElement\":[{\"@type\":\"ListItem\",\"position\":1,\"name\":\"Home\",\"item\":\"https:\/\/kosmetyczkaniepolomice.pl\/\"},{\"@type\":\"ListItem\",\"position\":2,\"name\":\"Profesjonalny salon kosmetyczny Niepo\u0142omice\"}]},{\"@type\":\"WebSite\",\"@id\":\"https:\/\/kosmetyczkaniepolomice.pl\/#website\",\"url\":\"https:\/\/kosmetyczkaniepolomice.pl\/\",\"name\":\"Studio Urody Lejdis\",\"description\":\"Kosmetyczka Manicure w Niepo\u0142omicach\",\"publisher\":{\"@id\":\"https:\/\/kosmetyczkaniepolomice.pl\/#organization\"},\"potentialAction\":[{\"@type\":\"SearchAction\",\"target\":{\"@type\":\"EntryPoint\",\"urlTemplate\":\"https:\/\/kosmetyczkaniepolomice.pl\/?s={search_term_string}\"},\"query-input\":{\"@type\":\"PropertyValueSpecification\",\"valueRequired\":true,\"valueName\":\"search_term_string\"}}],\"inLanguage\":\"pl-PL\"},{\"@type\":\"Organization\",\"@id\":\"https:\/\/kosmetyczkaniepolomice.pl\/#organization\",\"name\":\"Studio Urody Lejdis\",\"url\":\"https:\/\/kosmetyczkaniepolomice.pl\/\",\"logo\":{\"@type\":\"ImageObject\",\"inLanguage\":\"pl-PL\",\"@id\":\"https:\/\/kosmetyczkaniepolomice.pl\/#\/schema\/logo\/image\/\",\"url\":\"https:\/\/kosmetyczkaniepolomice.pl\/wp-content\/uploads\/2025\/03\/262774058_1932378220276636_675089474696177656_n.jpeg\",\"contentUrl\":\"https:\/\/kosmetyczkaniepolomice.pl\/wp-content\/uploads\/2025\/03\/262774058_1932378220276636_675089474696177656_n.jpeg\",\"width\":960,\"height\":958,\"caption\":\"Studio Urody Lejdis\"},\"image\":{\"@id\":\"https:\/\/kosmetyczkaniepolomice.pl\/#\/schema\/logo\/image\/\"},\"sameAs\":[\"https:\/\/www.facebook.com\/profile.php?id=100054223430922\"]}]}<\/script>\n<!-- \/ Yoast SEO plugin. -->","yoast_head_json":{"title":"Profesjonalny salon kosmetyczny Niepo\u0142omice Lejdis - Certyfikaty","description":"Dyplomowana kosmetyczka z 10-letnim do\u015bwiadczeniem. Oferuj\u0119 profesjonalne zabiegi w Niepo\u0142omicach, dbaj\u0105c o najwy\u017csze standardy","robots":{"index":"index","follow":"follow","max-snippet":"max-snippet:-1","max-image-preview":"max-image-preview:large","max-video-preview":"max-video-preview:-1"},"canonical":"https:\/\/kosmetyczkaniepolomice.pl\/?page_id=120","og_locale":"pl_PL","og_type":"article","og_title":"Profesjonalny salon kosmetyczny Niepo\u0142omice Lejdis - Certyfikaty","og_description":"Dyplomowana kosmetyczka z 10-letnim do\u015bwiadczeniem. Oferuj\u0119 profesjonalne zabiegi w Niepo\u0142omicach, dbaj\u0105c o najwy\u017csze standardy","og_url":"https:\/\/kosmetyczkaniepolomice.pl\/?page_id=120","og_site_name":"Studio Urody Lejdis","article_publisher":"https:\/\/www.facebook.com\/profile.php?id=100054223430922","article_modified_time":"2025-03-18T18:54:09+00:00","og_image":[{"url":"https:\/\/kosmetyczkaniepolomice.pl\/wp-content\/uploads\/2025\/03\/crt1.jpg","type":"","width":"","height":""}],"twitter_card":"summary_large_image","twitter_misc":{"Est. reading time":"3 minuty"},"schema":{"@context":"https:\/\/schema.org","@graph":[{"@type":"WebPage","@id":"https:\/\/kosmetyczkaniepolomice.pl\/?page_id=120","url":"https:\/\/kosmetyczkaniepolomice.pl\/?page_id=120","name":"Profesjonalny salon kosmetyczny Niepo\u0142omice Lejdis - Certyfikaty","isPartOf":{"@id":"https:\/\/kosmetyczkaniepolomice.pl\/#website"},"primaryImageOfPage":{"@id":"https:\/\/kosmetyczkaniepolomice.pl\/?page_id=120#primaryimage"},"image":{"@id":"https:\/\/kosmetyczkaniepolomice.pl\/?page_id=120#primaryimage"},"thumbnailUrl":"https:\/\/kosmetyczkaniepolomice.pl\/wp-content\/uploads\/2025\/03\/crt1.jpg","datePublished":"2025-03-14T09:08:14+00:00","dateModified":"2025-03-18T18:54:09+00:00","description":"Dyplomowana kosmetyczka z 10-letnim do\u015bwiadczeniem. Oferuj\u0119 profesjonalne zabiegi w Niepo\u0142omicach, dbaj\u0105c o najwy\u017csze standardy","breadcrumb":{"@id":"https:\/\/kosmetyczkaniepolomice.pl\/?page_id=120#breadcrumb"},"inLanguage":"pl-PL","potentialAction":[{"@type":"ReadAction","target":["https:\/\/kosmetyczkaniepolomice.pl\/?page_id=120"]}]},{"@type":"ImageObject","inLanguage":"pl-PL","@id":"https:\/\/kosmetyczkaniepolomice.pl\/?page_id=120#primaryimage","url":"https:\/\/kosmetyczkaniepolomice.pl\/wp-content\/uploads\/2025\/03\/crt1.jpg","contentUrl":"https:\/\/kosmetyczkaniepolomice.pl\/wp-content\/uploads\/2025\/03\/crt1.jpg","width":1000,"height":711,"caption":"Certyfikat Lava Shell Relax Massage Jolanta Garycka"},{"@type":"BreadcrumbList","@id":"https:\/\/kosmetyczkaniepolomice.pl\/?page_id=120#breadcrumb","itemListElement":[{"@type":"ListItem","position":1,"name":"Home","item":"https:\/\/kosmetyczkaniepolomice.pl\/"},{"@type":"ListItem","position":2,"name":"Profesjonalny salon kosmetyczny Niepo\u0142omice"}]},{"@type":"WebSite","@id":"https:\/\/kosmetyczkaniepolomice.pl\/#website","url":"https:\/\/kosmetyczkaniepolomice.pl\/","name":"Studio Urody Lejdis","description":"Kosmetyczka Manicure w Niepo\u0142omicach","publisher":{"@id":"https:\/\/kosmetyczkaniepolomice.pl\/#organization"},"potentialAction":[{"@type":"SearchAction","target":{"@type":"EntryPoint","urlTemplate":"https:\/\/kosmetyczkaniepolomice.pl\/?s={search_term_string}"},"query-input":{"@type":"PropertyValueSpecification","valueRequired":true,"valueName":"search_term_string"}}],"inLanguage":"pl-PL"},{"@type":"Organization","@id":"https:\/\/kosmetyczkaniepolomice.pl\/#organization","name":"Studio Urody Lejdis","url":"https:\/\/kosmetyczkaniepolomice.pl\/","logo":{"@type":"ImageObject","inLanguage":"pl-PL","@id":"https:\/\/kosmetyczkaniepolomice.pl\/#\/schema\/logo\/image\/","url":"https:\/\/kosmetyczkaniepolomice.pl\/wp-content\/uploads\/2025\/03\/262774058_1932378220276636_675089474696177656_n.jpeg","contentUrl":"https:\/\/kosmetyczkaniepolomice.pl\/wp-content\/uploads\/2025\/03\/262774058_1932378220276636_675089474696177656_n.jpeg","width":960,"height":958,"caption":"Studio Urody Lejdis"},"image":{"@id":"https:\/\/kosmetyczkaniepolomice.pl\/#\/schema\/logo\/image\/"},"sameAs":["https:\/\/www.facebook.com\/profile.php?id=100054223430922"]}]}},"_links":{"self":[{"href":"https:\/\/kosmetyczkaniepolomice.pl\/index.php?rest_route=\/wp\/v2\/pages\/120","targetHints":{"allow":["GET"]}}],"collection":[{"href":"https:\/\/kosmetyczkaniepolomice.pl\/index.php?rest_route=\/wp\/v2\/pages"}],"about":[{"href":"https:\/\/kosmetyczkaniepolomice.pl\/index.php?rest_route=\/wp\/v2\/types\/page"}],"author":[{"embeddable":true,"href":"https:\/\/kosmetyczkaniepolomice.pl\/index.php?rest_route=\/wp\/v2\/users\/1"}],"replies":[{"embeddable":true,"href":"https:\/\/kosmetyczkaniepolomice.pl\/index.php?rest_route=%2Fwp%2Fv2%2Fcomments&post=120"}],"version-history":[{"count":8,"href":"https:\/\/kosmetyczkaniepolomice.pl\/index.php?rest_route=\/wp\/v2\/pages\/120\/revisions"}],"predecessor-version":[{"id":168,"href":"https:\/\/kosmetyczkaniepolomice.pl\/index.php?rest_route=\/wp\/v2\/pages\/120\/revisions\/168"}],"wp:attachment":[{"href":"https:\/\/kosmetyczkaniepolomice.pl\/index.php?rest_route=%2Fwp%2Fv2%2Fmedia&parent=120"}],"curies":[{"name":"wp","href":"https:\/\/api.w.org\/{rel}","templated":true}]}}