{"id":137,"date":"2025-03-14T09:48:40","date_gmt":"2025-03-14T09:48:40","guid":{"rendered":"https:\/\/kosmetyczkaniepolomice.pl\/?page_id=137"},"modified":"2025-03-18T19:01:21","modified_gmt":"2025-03-18T19:01:21","slug":"pielegnacja-brwi-i-rzes-henna-regulacja-brwi","status":"publish","type":"page","link":"https:\/\/kosmetyczkaniepolomice.pl\/?page_id=137","title":{"rendered":"Piel\u0119gnacja Brwi i Rz\u0119s &#8211; Henna, Regulacja"},"content":{"rendered":"\n<h2 class=\"wp-block-heading\" style=\"margin-top:var(--wp--preset--spacing--30);margin-bottom:var(--wp--preset--spacing--30)\">Regulacja brwi Niepo\u0142omice, henna<\/h2>\n\n\n\n<p>Brwi i rz\u0119sy to wizyt\u00f3wka ka\u017cdej kobiety. Umiej\u0119tnie wyregulowane i poprawione z pomoc\u0105 henny moga dramatycznie odmieni\u0107 ka\u017cd\u0105 twarz podkre\u015blaj\u0105c lub koryguj\u0105c jej rysy.<\/p>\n\n\n\n<h3 class=\"wp-block-heading\" style=\"margin-top:var(--wp--preset--spacing--30);margin-bottom:var(--wp--preset--spacing--30)\">Henna brwi i rz\u0119s<\/h3>\n\n\n\n<p>Posiadam bogat\u0105 palet\u0119 odcieni br\u0105zu, grafitu, szafiru oraz kolor czarny. Kolor henny jest indywidualnie dobierany do urody klientki, a mieszanie jej r\u00f3\u017cnych rodzaj\u00f3w daje bardzo szeroki zakres mo\u017cliwo\u015bci kolorystycznych.<\/p>\n\n\n\n<p>Zabieg rozpoczyna si\u0119 rozmow\u0105 z klientk\u0105 i ustaleniem koloru henny oraz ewentualnie kszta\u0142tu brwi. Nast\u0119pnie henna i podk\u0142ady s\u0105 przygotowywane. Po demakija\u017cu oczu, zabezpiecza sie powieki wazelin\u0105 i k\u0142adzie na nie podk\u0142ad. Po takim przygotowaniu nast\u0119puje na\u0142o\u017cenie henny. Po okre\u015blonym czasie nadmiar henny zostaje zmyty zwil\u017conym wacikiem. Ostatnim etapem zabiegu jest ewentualna regulacja brwi i nadanie im po\u017c\u0105danego kszta\u0142tu za pomoc\u0105 p\u0119sety oraz na\u0142o\u017cenie kremu nawil\u017caj\u0105cego w okolicy oczu i na brwi.<\/p>\n\n\n\n<h3 class=\"wp-block-heading\" style=\"margin-top:var(--wp--preset--spacing--30);margin-bottom:var(--wp--preset--spacing--30)\">Regulacja brwi<\/h3>\n\n\n\n<p>Brwi stanowi\u0105 opraw\u0119 oczu i s\u0105 najbardziej widocznym elementem twarzy. Tym bardziej zwracaj\u0105 uwag\u0119, gdy s\u0105 zaro\u015bni\u0119te i posiadaj\u0105 nieodpowiedni kszta\u0142t. Nadaj\u0105 wtedy twarzy pos\u0119pnego wyrazu i j\u0105 postarzaj\u0105.<\/p>\n\n\n\n<figure class=\"wp-block-gallery has-nested-images columns-default is-cropped wp-block-gallery-1 is-layout-flex wp-block-gallery-is-layout-flex\">\n<figure class=\"wp-block-image size-large\"><img loading=\"lazy\" decoding=\"async\" width=\"960\" height=\"720\" data-id=\"139\" src=\"https:\/\/kosmetyczkaniepolomice.pl\/wp-content\/uploads\/2025\/03\/brwi-przed.jpg\" alt=\"Brwi przed regulacj\u0105\" class=\"wp-image-139\"\/><figcaption class=\"wp-element-caption\">Brwi przed regulacj\u0105<\/figcaption><\/figure>\n\n\n\n<figure class=\"wp-block-image size-large\"><img loading=\"lazy\" decoding=\"async\" width=\"960\" height=\"720\" data-id=\"138\" src=\"https:\/\/kosmetyczkaniepolomice.pl\/wp-content\/uploads\/2025\/03\/brwi-po.jpg\" alt=\"Brwi po regulacji\" class=\"wp-image-138\"\/><figcaption class=\"wp-element-caption\">Brwi po regulacji<\/figcaption><\/figure>\n<\/figure>\n\n\n\n<p style=\"margin-top:var(--wp--preset--spacing--10);margin-bottom:var(--wp--preset--spacing--10)\">Postaw na profesjonalny zabieg regulacji brwi. Pomoge ci wymodelowa\u0107 lini\u0119 twoich brwi aby idealnie pasowa\u0142a do kszta\u0142tu twojej twarzy.<\/p>\n\n\n\n<div class=\"wp-block-group alignfull has-default-background-color has-background has-global-padding is-layout-constrained wp-block-group-is-layout-constrained\" style=\"padding-top:var(--wp--preset--spacing--80);padding-bottom:var(--wp--preset--spacing--80)\">\n<div class=\"wp-block-group has-global-padding is-layout-constrained wp-container-core-group-is-layout-1 wp-block-group-is-layout-constrained\">\n<div style=\"height:var(--wp--preset--spacing--10)\" aria-hidden=\"true\" class=\"wp-block-spacer\"><\/div>\n\n\n\n<h3 class=\"wp-block-heading has-text-align-center has-x-large-font-size\" style=\"line-height:1.1;text-transform:capitalize\">Cennik zabieg\u00f3w regulacji Brwi &amp; Rz\u0119s<\/h3>\n\n\n\n<div style=\"height:var(--wp--preset--spacing--30)\" aria-hidden=\"true\" class=\"wp-block-spacer\"><\/div>\n<\/div>\n\n\n\n<div class=\"wp-block-columns alignwide are-vertically-aligned-center is-layout-flex wp-container-core-columns-is-layout-1 wp-block-columns-is-layout-flex\">\n<div class=\"wp-block-column is-vertically-aligned-center has-global-padding is-layout-constrained wp-block-column-is-layout-constrained\" style=\"flex-basis:50%\">\n<div class=\"wp-block-group has-global-padding is-layout-constrained wp-container-core-group-is-layout-6 wp-block-group-is-layout-constrained\">\n<div class=\"wp-block-group is-content-justification-space-between is-nowrap is-layout-flex wp-container-core-group-is-layout-3 wp-block-group-is-layout-flex\" style=\"border-bottom-color:var(--wp--preset--color--tertiary);border-bottom-style:dashed;border-bottom-width:1px;padding-bottom:var(--wp--preset--spacing--20)\">\n<div class=\"wp-block-group is-layout-flow wp-container-core-group-is-layout-2 wp-block-group-is-layout-flow\">\n<h6 class=\"wp-block-heading has-base-color has-text-color has-link-color wp-elements-880afd85d3d895f150c207dd02cc755f\" style=\"font-size:20px\">Regulacja brwi<\/h6>\n<\/div>\n\n\n\n<p style=\"font-size:24px;font-style:normal;font-weight:700\">20 z\u0142<\/p>\n<\/div>\n\n\n\n<div class=\"wp-block-group is-content-justification-space-between is-nowrap is-layout-flex wp-container-core-group-is-layout-5 wp-block-group-is-layout-flex\" style=\"border-bottom-color:var(--wp--preset--color--tertiary);border-bottom-style:dashed;border-bottom-width:1px;padding-bottom:var(--wp--preset--spacing--20)\">\n<div class=\"wp-block-group is-layout-flow wp-container-core-group-is-layout-4 wp-block-group-is-layout-flow\">\n<h6 class=\"wp-block-heading has-base-color has-text-color has-link-color wp-elements-b4b390d9b0b7498157aaa6f4fb2a9917\" style=\"font-size:20px\">Henna rz\u0119s<\/h6>\n<\/div>\n\n\n\n<p style=\"font-size:24px;font-style:normal;font-weight:700\">30 z\u0142<\/p>\n<\/div>\n<\/div>\n<\/div>\n\n\n\n<div class=\"wp-block-column is-vertically-aligned-center has-global-padding is-layout-constrained wp-block-column-is-layout-constrained\" style=\"flex-basis:50%\">\n<div class=\"wp-block-group has-global-padding is-layout-constrained wp-container-core-group-is-layout-9 wp-block-group-is-layout-constrained\">\n<div class=\"wp-block-group is-content-justification-space-between is-nowrap is-layout-flex wp-container-core-group-is-layout-8 wp-block-group-is-layout-flex\" style=\"border-bottom-color:var(--wp--preset--color--tertiary);border-bottom-style:dashed;border-bottom-width:1px;padding-bottom:var(--wp--preset--spacing--20)\">\n<div class=\"wp-block-group is-layout-flow wp-container-core-group-is-layout-7 wp-block-group-is-layout-flow\">\n<h6 class=\"wp-block-heading has-base-color has-text-color has-link-color wp-elements-5f4d36f10988ae2a00903d1b245a2795\" style=\"font-size:20px\">Henna brwi<\/h6>\n<\/div>\n\n\n\n<p style=\"font-size:24px;font-style:normal;font-weight:700\">20 z\u0142<\/p>\n<\/div>\n<\/div>\n<\/div>\n<\/div>\n<\/div>\n\n\n\n<p><\/p>\n","protected":false},"excerpt":{"rendered":"<p>Regulacja brwi Niepo\u0142omice, henna Brwi i rz\u0119sy to wizyt\u00f3wka ka\u017cdej kobiety. Umiej\u0119tnie wyregulowane i poprawione z pomoc\u0105 henny moga dramatycznie odmieni\u0107 ka\u017cd\u0105 twarz podkre\u015blaj\u0105c lub koryguj\u0105c jej rysy. Henna brwi i rz\u0119s Posiadam bogat\u0105 palet\u0119 odcieni br\u0105zu, grafitu, szafiru oraz kolor czarny. Kolor henny jest indywidualnie dobierany do urody klientki, a mieszanie jej r\u00f3\u017cnych rodzaj\u00f3w [&hellip;]<\/p>\n","protected":false},"author":1,"featured_media":0,"parent":0,"menu_order":0,"comment_status":"closed","ping_status":"closed","template":"","meta":{"footnotes":""},"class_list":["post-137","page","type-page","status-publish","hentry"],"yoast_head":"<!-- This site is optimized with the Yoast SEO plugin v24.7 - https:\/\/yoast.com\/wordpress\/plugins\/seo\/ -->\n<title>Regulacja Brwi i Rz\u0119s w Niepo\u0142omicach - Studio Urody Lejdis<\/title>\n<meta name=\"description\" content=\"Profesjonalna stylizacja brwi i rz\u0119s w Niepo\u0142omicach \u2013 henna, regulacja i piel\u0119gnacja dopasowana do Twojej urody. Podkre\u015bl naturalne pi\u0119kno!\" \/>\n<meta name=\"robots\" content=\"index, follow, max-snippet:-1, max-image-preview:large, max-video-preview:-1\" \/>\n<link rel=\"canonical\" href=\"https:\/\/kosmetyczkaniepolomice.pl\/?page_id=137\" \/>\n<meta property=\"og:locale\" content=\"pl_PL\" \/>\n<meta property=\"og:type\" content=\"article\" \/>\n<meta property=\"og:title\" content=\"Regulacja Brwi i Rz\u0119s w Niepo\u0142omicach - Studio Urody Lejdis\" \/>\n<meta property=\"og:description\" content=\"Profesjonalna stylizacja brwi i rz\u0119s w Niepo\u0142omicach \u2013 henna, regulacja i piel\u0119gnacja dopasowana do Twojej urody. Podkre\u015bl naturalne pi\u0119kno!\" \/>\n<meta property=\"og:url\" content=\"https:\/\/kosmetyczkaniepolomice.pl\/?page_id=137\" \/>\n<meta property=\"og:site_name\" content=\"Studio Urody Lejdis\" \/>\n<meta property=\"article:publisher\" content=\"https:\/\/www.facebook.com\/profile.php?id=100054223430922\" \/>\n<meta property=\"article:modified_time\" content=\"2025-03-18T19:01:21+00:00\" \/>\n<meta property=\"og:image\" content=\"https:\/\/kosmetyczkaniepolomice.pl\/wp-content\/uploads\/2025\/03\/brwi-przed.jpg\" \/>\n<meta name=\"twitter:card\" content=\"summary_large_image\" \/>\n<meta name=\"twitter:label1\" content=\"Est. reading time\" \/>\n\t<meta name=\"twitter:data1\" content=\"2 minuty\" \/>\n<script type=\"application\/ld+json\" class=\"yoast-schema-graph\">{\"@context\":\"https:\/\/schema.org\",\"@graph\":[{\"@type\":\"WebPage\",\"@id\":\"https:\/\/kosmetyczkaniepolomice.pl\/?page_id=137\",\"url\":\"https:\/\/kosmetyczkaniepolomice.pl\/?page_id=137\",\"name\":\"Regulacja Brwi i Rz\u0119s w Niepo\u0142omicach - Studio Urody Lejdis\",\"isPartOf\":{\"@id\":\"https:\/\/kosmetyczkaniepolomice.pl\/#website\"},\"primaryImageOfPage\":{\"@id\":\"https:\/\/kosmetyczkaniepolomice.pl\/?page_id=137#primaryimage\"},\"image\":{\"@id\":\"https:\/\/kosmetyczkaniepolomice.pl\/?page_id=137#primaryimage\"},\"thumbnailUrl\":\"https:\/\/kosmetyczkaniepolomice.pl\/wp-content\/uploads\/2025\/03\/brwi-przed.jpg\",\"datePublished\":\"2025-03-14T09:48:40+00:00\",\"dateModified\":\"2025-03-18T19:01:21+00:00\",\"description\":\"Profesjonalna stylizacja brwi i rz\u0119s w Niepo\u0142omicach \u2013 henna, regulacja i piel\u0119gnacja dopasowana do Twojej urody. Podkre\u015bl naturalne pi\u0119kno!\",\"breadcrumb\":{\"@id\":\"https:\/\/kosmetyczkaniepolomice.pl\/?page_id=137#breadcrumb\"},\"inLanguage\":\"pl-PL\",\"potentialAction\":[{\"@type\":\"ReadAction\",\"target\":[\"https:\/\/kosmetyczkaniepolomice.pl\/?page_id=137\"]}]},{\"@type\":\"ImageObject\",\"inLanguage\":\"pl-PL\",\"@id\":\"https:\/\/kosmetyczkaniepolomice.pl\/?page_id=137#primaryimage\",\"url\":\"https:\/\/kosmetyczkaniepolomice.pl\/wp-content\/uploads\/2025\/03\/brwi-przed.jpg\",\"contentUrl\":\"https:\/\/kosmetyczkaniepolomice.pl\/wp-content\/uploads\/2025\/03\/brwi-przed.jpg\",\"width\":960,\"height\":720,\"caption\":\"Brwi przed regulacj\u0105\"},{\"@type\":\"BreadcrumbList\",\"@id\":\"https:\/\/kosmetyczkaniepolomice.pl\/?page_id=137#breadcrumb\",\"itemListElement\":[{\"@type\":\"ListItem\",\"position\":1,\"name\":\"Home\",\"item\":\"https:\/\/kosmetyczkaniepolomice.pl\/\"},{\"@type\":\"ListItem\",\"position\":2,\"name\":\"Piel\u0119gnacja Brwi i Rz\u0119s &#8211; Henna, Regulacja\"}]},{\"@type\":\"WebSite\",\"@id\":\"https:\/\/kosmetyczkaniepolomice.pl\/#website\",\"url\":\"https:\/\/kosmetyczkaniepolomice.pl\/\",\"name\":\"Studio Urody Lejdis\",\"description\":\"Kosmetyczka Manicure w Niepo\u0142omicach\",\"publisher\":{\"@id\":\"https:\/\/kosmetyczkaniepolomice.pl\/#organization\"},\"potentialAction\":[{\"@type\":\"SearchAction\",\"target\":{\"@type\":\"EntryPoint\",\"urlTemplate\":\"https:\/\/kosmetyczkaniepolomice.pl\/?s={search_term_string}\"},\"query-input\":{\"@type\":\"PropertyValueSpecification\",\"valueRequired\":true,\"valueName\":\"search_term_string\"}}],\"inLanguage\":\"pl-PL\"},{\"@type\":\"Organization\",\"@id\":\"https:\/\/kosmetyczkaniepolomice.pl\/#organization\",\"name\":\"Studio Urody Lejdis\",\"url\":\"https:\/\/kosmetyczkaniepolomice.pl\/\",\"logo\":{\"@type\":\"ImageObject\",\"inLanguage\":\"pl-PL\",\"@id\":\"https:\/\/kosmetyczkaniepolomice.pl\/#\/schema\/logo\/image\/\",\"url\":\"https:\/\/kosmetyczkaniepolomice.pl\/wp-content\/uploads\/2025\/03\/262774058_1932378220276636_675089474696177656_n.jpeg\",\"contentUrl\":\"https:\/\/kosmetyczkaniepolomice.pl\/wp-content\/uploads\/2025\/03\/262774058_1932378220276636_675089474696177656_n.jpeg\",\"width\":960,\"height\":958,\"caption\":\"Studio Urody Lejdis\"},\"image\":{\"@id\":\"https:\/\/kosmetyczkaniepolomice.pl\/#\/schema\/logo\/image\/\"},\"sameAs\":[\"https:\/\/www.facebook.com\/profile.php?id=100054223430922\"]}]}<\/script>\n<!-- \/ Yoast SEO plugin. -->","yoast_head_json":{"title":"Regulacja Brwi i Rz\u0119s w Niepo\u0142omicach - Studio Urody Lejdis","description":"Profesjonalna stylizacja brwi i rz\u0119s w Niepo\u0142omicach \u2013 henna, regulacja i piel\u0119gnacja dopasowana do Twojej urody. Podkre\u015bl naturalne pi\u0119kno!","robots":{"index":"index","follow":"follow","max-snippet":"max-snippet:-1","max-image-preview":"max-image-preview:large","max-video-preview":"max-video-preview:-1"},"canonical":"https:\/\/kosmetyczkaniepolomice.pl\/?page_id=137","og_locale":"pl_PL","og_type":"article","og_title":"Regulacja Brwi i Rz\u0119s w Niepo\u0142omicach - Studio Urody Lejdis","og_description":"Profesjonalna stylizacja brwi i rz\u0119s w Niepo\u0142omicach \u2013 henna, regulacja i piel\u0119gnacja dopasowana do Twojej urody. Podkre\u015bl naturalne pi\u0119kno!","og_url":"https:\/\/kosmetyczkaniepolomice.pl\/?page_id=137","og_site_name":"Studio Urody Lejdis","article_publisher":"https:\/\/www.facebook.com\/profile.php?id=100054223430922","article_modified_time":"2025-03-18T19:01:21+00:00","og_image":[{"url":"https:\/\/kosmetyczkaniepolomice.pl\/wp-content\/uploads\/2025\/03\/brwi-przed.jpg","type":"","width":"","height":""}],"twitter_card":"summary_large_image","twitter_misc":{"Est. reading time":"2 minuty"},"schema":{"@context":"https:\/\/schema.org","@graph":[{"@type":"WebPage","@id":"https:\/\/kosmetyczkaniepolomice.pl\/?page_id=137","url":"https:\/\/kosmetyczkaniepolomice.pl\/?page_id=137","name":"Regulacja Brwi i Rz\u0119s w Niepo\u0142omicach - Studio Urody Lejdis","isPartOf":{"@id":"https:\/\/kosmetyczkaniepolomice.pl\/#website"},"primaryImageOfPage":{"@id":"https:\/\/kosmetyczkaniepolomice.pl\/?page_id=137#primaryimage"},"image":{"@id":"https:\/\/kosmetyczkaniepolomice.pl\/?page_id=137#primaryimage"},"thumbnailUrl":"https:\/\/kosmetyczkaniepolomice.pl\/wp-content\/uploads\/2025\/03\/brwi-przed.jpg","datePublished":"2025-03-14T09:48:40+00:00","dateModified":"2025-03-18T19:01:21+00:00","description":"Profesjonalna stylizacja brwi i rz\u0119s w Niepo\u0142omicach \u2013 henna, regulacja i piel\u0119gnacja dopasowana do Twojej urody. Podkre\u015bl naturalne pi\u0119kno!","breadcrumb":{"@id":"https:\/\/kosmetyczkaniepolomice.pl\/?page_id=137#breadcrumb"},"inLanguage":"pl-PL","potentialAction":[{"@type":"ReadAction","target":["https:\/\/kosmetyczkaniepolomice.pl\/?page_id=137"]}]},{"@type":"ImageObject","inLanguage":"pl-PL","@id":"https:\/\/kosmetyczkaniepolomice.pl\/?page_id=137#primaryimage","url":"https:\/\/kosmetyczkaniepolomice.pl\/wp-content\/uploads\/2025\/03\/brwi-przed.jpg","contentUrl":"https:\/\/kosmetyczkaniepolomice.pl\/wp-content\/uploads\/2025\/03\/brwi-przed.jpg","width":960,"height":720,"caption":"Brwi przed regulacj\u0105"},{"@type":"BreadcrumbList","@id":"https:\/\/kosmetyczkaniepolomice.pl\/?page_id=137#breadcrumb","itemListElement":[{"@type":"ListItem","position":1,"name":"Home","item":"https:\/\/kosmetyczkaniepolomice.pl\/"},{"@type":"ListItem","position":2,"name":"Piel\u0119gnacja Brwi i Rz\u0119s &#8211; Henna, Regulacja"}]},{"@type":"WebSite","@id":"https:\/\/kosmetyczkaniepolomice.pl\/#website","url":"https:\/\/kosmetyczkaniepolomice.pl\/","name":"Studio Urody Lejdis","description":"Kosmetyczka Manicure w Niepo\u0142omicach","publisher":{"@id":"https:\/\/kosmetyczkaniepolomice.pl\/#organization"},"potentialAction":[{"@type":"SearchAction","target":{"@type":"EntryPoint","urlTemplate":"https:\/\/kosmetyczkaniepolomice.pl\/?s={search_term_string}"},"query-input":{"@type":"PropertyValueSpecification","valueRequired":true,"valueName":"search_term_string"}}],"inLanguage":"pl-PL"},{"@type":"Organization","@id":"https:\/\/kosmetyczkaniepolomice.pl\/#organization","name":"Studio Urody Lejdis","url":"https:\/\/kosmetyczkaniepolomice.pl\/","logo":{"@type":"ImageObject","inLanguage":"pl-PL","@id":"https:\/\/kosmetyczkaniepolomice.pl\/#\/schema\/logo\/image\/","url":"https:\/\/kosmetyczkaniepolomice.pl\/wp-content\/uploads\/2025\/03\/262774058_1932378220276636_675089474696177656_n.jpeg","contentUrl":"https:\/\/kosmetyczkaniepolomice.pl\/wp-content\/uploads\/2025\/03\/262774058_1932378220276636_675089474696177656_n.jpeg","width":960,"height":958,"caption":"Studio Urody Lejdis"},"image":{"@id":"https:\/\/kosmetyczkaniepolomice.pl\/#\/schema\/logo\/image\/"},"sameAs":["https:\/\/www.facebook.com\/profile.php?id=100054223430922"]}]}},"_links":{"self":[{"href":"https:\/\/kosmetyczkaniepolomice.pl\/index.php?rest_route=\/wp\/v2\/pages\/137","targetHints":{"allow":["GET"]}}],"collection":[{"href":"https:\/\/kosmetyczkaniepolomice.pl\/index.php?rest_route=\/wp\/v2\/pages"}],"about":[{"href":"https:\/\/kosmetyczkaniepolomice.pl\/index.php?rest_route=\/wp\/v2\/types\/page"}],"author":[{"embeddable":true,"href":"https:\/\/kosmetyczkaniepolomice.pl\/index.php?rest_route=\/wp\/v2\/users\/1"}],"replies":[{"embeddable":true,"href":"https:\/\/kosmetyczkaniepolomice.pl\/index.php?rest_route=%2Fwp%2Fv2%2Fcomments&post=137"}],"version-history":[{"count":4,"href":"https:\/\/kosmetyczkaniepolomice.pl\/index.php?rest_route=\/wp\/v2\/pages\/137\/revisions"}],"predecessor-version":[{"id":169,"href":"https:\/\/kosmetyczkaniepolomice.pl\/index.php?rest_route=\/wp\/v2\/pages\/137\/revisions\/169"}],"wp:attachment":[{"href":"https:\/\/kosmetyczkaniepolomice.pl\/index.php?rest_route=%2Fwp%2Fv2%2Fmedia&parent=137"}],"curies":[{"name":"wp","href":"https:\/\/api.w.org\/{rel}","templated":true}]}}